{"id":754,"date":"2021-07-19T14:51:11","date_gmt":"2021-07-19T12:51:11","guid":{"rendered":"http:\/\/campholsby.test\/?page_id=754"},"modified":"2025-02-12T08:49:05","modified_gmt":"2025-02-12T07:49:05","slug":"gruppen","status":"publish","type":"page","link":"https:\/\/campholsby.se\/de\/gruppen\/","title":{"rendered":"Gruppen"},"content":{"rendered":"\n<div class=\"wp-block-group alignfull is-style-triangle-cutouts has-gray-100-background-color has-background is-layout-flow wp-block-group-is-layout-flow\" id=\"konfirmation\">\n<div class=\"wp-block-group is-style-group-container is-layout-flow wp-block-group-is-layout-flow\">\n<div class=\"wp-block-media-text alignwide has-media-on-the-right is-stacked-on-mobile is-vertically-aligned-top\"><div class=\"wp-block-media-text__content\">\n<h2 class=\"wp-block-heading has-text-align-center\" id=\"konfirmation\">Konfirmation<\/h2>\n\n\n\n<p>Jedes Jahr kommen unterschiedliche Kirchen mit ihren Jugendlichen f\u00fcr Konfirmantenfreizeiten zu uns. Durch die vielen verschiedenen Outdoor Aktivit\u00e4ten, Spiele, Lobpreiszeiten und Bibelarbeiten bieten unsere Mitarbeiter den Jugendlichen die M\u00f6glichkeit, die biblischen Grunds\u00e4tze wie Glaube, Vertrauen, Hoffnung und Verbindlichkeit in praktischer und herausfordernder Weise zu erleben.<\/p>\n\n\n\n<p>Die Gruppen bestehen in der Regel aus Jugendlichen im Alter von 13 \u2013 20 Jahren, die an unserem ein- bis mehrt\u00e4gigen erlebnisp\u00e4dagogischen Programm teilnehmen. Wir verbinden Bibelarbeiten mit praktischen Erfahrungen durch unsere Outdoor Aktivit\u00e4ten.<\/p>\n\n\n\n<p>Genauso wie wir den Jugendlichen von Jesus Christus erz\u00e4hlen m\u00f6chten, geben wir Gruppen die M\u00f6glichkeit Spa\u00df, Herausforderung und Entspannung zu erleben, sowie neue Freundschaften zu kn\u00fcpfen.<\/p>\n<\/div><figure class=\"wp-block-media-text__media\"><a href=\"https:\/\/campholsby.se\/wp-content\/uploads\/confirmation-groups.jpg\"><img loading=\"lazy\" decoding=\"async\" width=\"1024\" height=\"683\" src=\"https:\/\/campholsby.se\/wp-content\/uploads\/\/confirmation-groups-1024x683.jpg\" alt=\"\" class=\"wp-image-930 size-large\" srcset=\"https:\/\/campholsby.se\/wp-content\/uploads\/confirmation-groups-1024x683.jpg 1024w, https:\/\/campholsby.se\/wp-content\/uploads\/confirmation-groups-300x200.jpg 300w, https:\/\/campholsby.se\/wp-content\/uploads\/confirmation-groups-150x100.jpg 150w, https:\/\/campholsby.se\/wp-content\/uploads\/confirmation-groups-768x512.jpg 768w, https:\/\/campholsby.se\/wp-content\/uploads\/confirmation-groups-1536x1024.jpg 1536w, https:\/\/campholsby.se\/wp-content\/uploads\/confirmation-groups.jpg 1920w\" sizes=\"(max-width: 1024px) 100vw, 1024px\" \/><\/a><\/figure><\/div>\n<\/div>\n<\/div>\n\n\n\n<div class=\"wp-block-group is-style-group-container is-layout-flow wp-block-group-is-layout-flow\">\n<div class=\"wp-block-media-text alignwide is-stacked-on-mobile is-vertically-aligned-top\" id=\"jugendgruppen\"><figure class=\"wp-block-media-text__media\"><img loading=\"lazy\" decoding=\"async\" width=\"1024\" height=\"683\" src=\"https:\/\/campholsby.se\/wp-content\/uploads\/\/146A7052-1-1024x683.jpg\" alt=\"\" class=\"wp-image-2881 size-large\" srcset=\"https:\/\/campholsby.se\/wp-content\/uploads\/146A7052-1-1024x683.jpg 1024w, https:\/\/campholsby.se\/wp-content\/uploads\/146A7052-1-300x200.jpg 300w, https:\/\/campholsby.se\/wp-content\/uploads\/146A7052-1-150x100.jpg 150w, https:\/\/campholsby.se\/wp-content\/uploads\/146A7052-1-768x512.jpg 768w, https:\/\/campholsby.se\/wp-content\/uploads\/146A7052-1-1536x1024.jpg 1536w, https:\/\/campholsby.se\/wp-content\/uploads\/146A7052-1-2048x1366.jpg 2048w\" sizes=\"(max-width: 1024px) 100vw, 1024px\" \/><\/figure><div class=\"wp-block-media-text__content\">\n<h2 class=\"wp-block-heading has-text-align-center\" id=\"jugendgruppen\">Jugendgruppen<\/h2>\n\n\n\n<p>Egal ob Kirche, Schule oder Jugendgruppe, wir haben das richtige Programm! Eine Mischung aus Spa\u00df, Abenteuer, Herausforderung und Tiefgang. Outdoor Aktivit\u00e4ten, Bibelarbeiten, Lobpreis, Spiele und vieles mehr warten auf unsere G\u00e4ste, um diese in ihrer Beziehung zu Jesus zu ermutigen und zu st\u00e4rken.&nbsp;Ob ein Tag oder zwei Wochen, unsere Mitarbeiter freuen sich, unsere G\u00e4ste kennenzulernen.<\/p>\n\n\n\n<h3 class=\"wp-block-heading has-text-align-center hidden\" id=\"deutsche-jugendfreizeit\">Deutsche Abenteuerfreizeit f\u00fcr Teens und Jugendliche<\/h3>\n\n\n\n<p class=\"hidden\">Ausserdem bieten wir zwei deutsch-sprachige Freizeiten im Sommer an. F\u00fcr weitere Informationen und Preise bitte <a href=\"http:\/\/campholsby.test\/de\/deutsche-jugendgruppe\/\"><strong>hier klicken<\/strong><\/a><a href=\"http:\/\/campholsby.se\/de\/team\/deutsche-abenteuerfreizeit-fur-teens-und-jugendliche\/\">.<\/a><\/p>\n<\/div><\/div>\n<\/div>\n\n\n\n<div class=\"wp-block-group alignfull is-style-triangle-cutouts has-gray-100-background-color has-background is-layout-flow wp-block-group-is-layout-flow\" id=\"gemeindefreizeit\">\n<div class=\"wp-block-group is-style-group-container is-layout-flow wp-block-group-is-layout-flow\">\n<div class=\"wp-block-media-text alignwide has-media-on-the-right is-stacked-on-mobile is-vertically-aligned-top\"><div class=\"wp-block-media-text__content\">\n<h2 class=\"wp-block-heading has-text-align-center\" id=\"gemeindefreizeit\">Gemeindefreizeit<\/h2>\n\n\n\n<p>Camp Holsby freut sich, Familien und Gemeinden begr\u00fc\u00dfen zu d\u00fcrfen und bietet im Besonderen Familienfreizeiten f\u00fcr Jung und Alt an, die in einer entspannten Atmosph\u00e4re das Herz erfreuen sollen.&nbsp;Die Freizeiten im Fr\u00fchling und Sommer&nbsp; dauern in der Regel 2 bis 14 Tage.&nbsp;Wir bieten ein weitgef\u00e4chertes Programm f\u00fcr jedes Alter, um Gemeinschaft und pers\u00f6nliches Wachstum zu f\u00f6rdern.&nbsp;Es ist f\u00fcr jeden etwas dabei: ob k\u00f6rperliche Herausforderungen oder Zeit zum Entspannen.&nbsp;Weitere Informationen sind auf der Seite <strong><a href=\"https:\/\/campholsby.se\/de\/was-euch-erwartet\/#aktivitaten\">\u201eWas euch erwartet\u201c<\/a><\/strong> zu finden. Unser Ziel ist es, dass ihr durch eure Erfahrungen mit Jesus erfrischt und gesegnet nach Hause geht.<\/p>\n<\/div><figure class=\"wp-block-media-text__media\"><img loading=\"lazy\" decoding=\"async\" width=\"1024\" height=\"683\" src=\"https:\/\/campholsby.se\/wp-content\/uploads\/\/church-retreats-1024x683.jpg\" alt=\"\" class=\"wp-image-940 size-large\" srcset=\"https:\/\/campholsby.se\/wp-content\/uploads\/church-retreats-1024x683.jpg 1024w, https:\/\/campholsby.se\/wp-content\/uploads\/church-retreats-300x200.jpg 300w, https:\/\/campholsby.se\/wp-content\/uploads\/church-retreats-150x100.jpg 150w, https:\/\/campholsby.se\/wp-content\/uploads\/church-retreats-768x512.jpg 768w, https:\/\/campholsby.se\/wp-content\/uploads\/church-retreats-1536x1024.jpg 1536w, https:\/\/campholsby.se\/wp-content\/uploads\/church-retreats.jpg 1920w\" sizes=\"(max-width: 1024px) 100vw, 1024px\" \/><\/figure><\/div>\n<\/div>\n<\/div>\n\n\n\n<div class=\"wp-block-group is-style-group-container is-layout-flow wp-block-group-is-layout-flow\">\n<div class=\"wp-block-media-text alignwide is-stacked-on-mobile is-vertically-aligned-top\" id=\"konferenzen\"><figure class=\"wp-block-media-text__media\"><img loading=\"lazy\" decoding=\"async\" width=\"1024\" height=\"683\" src=\"https:\/\/campholsby.se\/wp-content\/uploads\/\/conferences-1024x683.jpg\" alt=\"\" class=\"wp-image-927 size-large\" srcset=\"https:\/\/campholsby.se\/wp-content\/uploads\/conferences-1024x683.jpg 1024w, https:\/\/campholsby.se\/wp-content\/uploads\/conferences-300x200.jpg 300w, https:\/\/campholsby.se\/wp-content\/uploads\/conferences-150x100.jpg 150w, https:\/\/campholsby.se\/wp-content\/uploads\/conferences-768x512.jpg 768w, https:\/\/campholsby.se\/wp-content\/uploads\/conferences-1536x1024.jpg 1536w, https:\/\/campholsby.se\/wp-content\/uploads\/conferences.jpg 1920w\" sizes=\"(max-width: 1024px) 100vw, 1024px\" \/><\/figure><div class=\"wp-block-media-text__content\">\n<h2 class=\"wp-block-heading has-text-align-center\" id=\"konferenzen\">Konferenzen<\/h2>\n\n\n\n<p>Camp Holsby \u00f6ffnet jedes Jahr seine T\u00fcren, um die unterschiedlichsten Gruppen willkommen zu hei\u00dfen. Ob du nach einem einzigartigen Ort f\u00fcr einen Sommerausflug deiner Kirche oder einem&nbsp; Ort f\u00fcr eine einw\u00f6chige Konferenz f\u00fcr dein Unternehmen suchst, wir bieten an, unseren Campus f\u00fcr deinen Bedarf zu vermieten.&nbsp;Klick dich durch unsere <strong>\u201e<a href=\"https:\/\/campholsby.se\/de\/was-euch-erwartet\/#gelande\">Gel\u00e4nde<\/a>\u201c<\/strong> Seite und schau, ob Camp Holsby das Passende f\u00fcr dich bietet. Melde dich bei uns und wir \u00fcbernehmen den Rest.<\/p>\n<\/div><\/div>\n<\/div>\n","protected":false},"excerpt":{"rendered":"<p>Konfirmation Jedes Jahr kommen unterschiedliche Kirchen mit ihren Jugendlichen f\u00fcr Konfirmantenfreizeiten zu uns. Durch die vielen verschiedenen Outdoor Aktivit\u00e4ten, Spiele, Lobpreiszeiten und Bibelarbeiten bieten unsere Mitarbeiter den Jugendlichen die M\u00f6glichkeit, die biblischen Grunds\u00e4tze wie Glaube, Vertrauen, Hoffnung und Verbindlichkeit in praktischer und herausfordernder Weise zu erleben. Die Gruppen bestehen in der Regel aus Jugendlichen im &hellip; <a href=\"https:\/\/campholsby.se\/de\/gruppen\/\">Continued<\/a><\/p>\n","protected":false},"author":1,"featured_media":951,"parent":0,"menu_order":0,"comment_status":"closed","ping_status":"closed","template":"","meta":{"footnotes":""},"yoast_head":"<!-- This site is optimized with the Yoast SEO plugin v23.5 - https:\/\/yoast.com\/wordpress\/plugins\/seo\/ -->\n<title>Gruppen - Camp Holsby<\/title>\n<meta name=\"robots\" content=\"index, follow, max-snippet:-1, max-image-preview:large, max-video-preview:-1\" \/>\n<link rel=\"canonical\" href=\"https:\/\/campholsby.se\/de\/gruppen\/\" \/>\n<meta property=\"og:locale\" content=\"de_DE\" \/>\n<meta property=\"og:type\" content=\"article\" \/>\n<meta property=\"og:title\" content=\"Gruppen - Camp Holsby\" \/>\n<meta property=\"og:description\" content=\"Konfirmation Jedes Jahr kommen unterschiedliche Kirchen mit ihren Jugendlichen f\u00fcr Konfirmantenfreizeiten zu uns. Durch die vielen verschiedenen Outdoor Aktivit\u00e4ten, Spiele, Lobpreiszeiten und Bibelarbeiten bieten unsere Mitarbeiter den Jugendlichen die M\u00f6glichkeit, die biblischen Grunds\u00e4tze wie Glaube, Vertrauen, Hoffnung und Verbindlichkeit in praktischer und herausfordernder Weise zu erleben. Die Gruppen bestehen in der Regel aus Jugendlichen im &hellip; Continued\" \/>\n<meta property=\"og:url\" content=\"https:\/\/campholsby.se\/de\/gruppen\/\" \/>\n<meta property=\"og:site_name\" content=\"Camp Holsby\" \/>\n<meta property=\"article:modified_time\" content=\"2025-02-12T07:49:05+00:00\" \/>\n<meta property=\"og:image\" content=\"https:\/\/campholsby.se\/wp-content\/uploads\/groups.jpg\" \/>\n\t<meta property=\"og:image:width\" content=\"1920\" \/>\n\t<meta property=\"og:image:height\" content=\"1280\" \/>\n\t<meta property=\"og:image:type\" content=\"image\/jpeg\" \/>\n<meta name=\"twitter:card\" content=\"summary_large_image\" \/>\n<meta name=\"twitter:label1\" content=\"Gesch\u00e4tzte Lesezeit\" \/>\n\t<meta name=\"twitter:data1\" content=\"3\u00a0Minuten\" \/>\n<script type=\"application\/ld+json\" class=\"yoast-schema-graph\">{\"@context\":\"https:\/\/schema.org\",\"@graph\":[{\"@type\":\"WebPage\",\"@id\":\"https:\/\/campholsby.se\/de\/gruppen\/\",\"url\":\"https:\/\/campholsby.se\/de\/gruppen\/\",\"name\":\"Gruppen - Camp Holsby\",\"isPartOf\":{\"@id\":\"https:\/\/campholsby.se\/#website\"},\"primaryImageOfPage\":{\"@id\":\"https:\/\/campholsby.se\/de\/gruppen\/#primaryimage\"},\"image\":{\"@id\":\"https:\/\/campholsby.se\/de\/gruppen\/#primaryimage\"},\"thumbnailUrl\":\"https:\/\/campholsby.se\/wp-content\/uploads\/groups.jpg\",\"datePublished\":\"2021-07-19T12:51:11+00:00\",\"dateModified\":\"2025-02-12T07:49:05+00:00\",\"breadcrumb\":{\"@id\":\"https:\/\/campholsby.se\/de\/gruppen\/#breadcrumb\"},\"inLanguage\":\"de\",\"potentialAction\":[{\"@type\":\"ReadAction\",\"target\":[\"https:\/\/campholsby.se\/de\/gruppen\/\"]}]},{\"@type\":\"ImageObject\",\"inLanguage\":\"de\",\"@id\":\"https:\/\/campholsby.se\/de\/gruppen\/#primaryimage\",\"url\":\"https:\/\/campholsby.se\/wp-content\/uploads\/groups.jpg\",\"contentUrl\":\"https:\/\/campholsby.se\/wp-content\/uploads\/groups.jpg\",\"width\":1920,\"height\":1280},{\"@type\":\"BreadcrumbList\",\"@id\":\"https:\/\/campholsby.se\/de\/gruppen\/#breadcrumb\",\"itemListElement\":[{\"@type\":\"ListItem\",\"position\":1,\"name\":\"Home\",\"item\":\"https:\/\/campholsby.se\/de\/\"},{\"@type\":\"ListItem\",\"position\":2,\"name\":\"Gruppen\"}]},{\"@type\":\"WebSite\",\"@id\":\"https:\/\/campholsby.se\/#website\",\"url\":\"https:\/\/campholsby.se\/\",\"name\":\"Camp Holsby\",\"description\":\"Camps &amp; Retreats in Sm\u00e5land\",\"publisher\":{\"@id\":\"https:\/\/campholsby.se\/#organization\"},\"potentialAction\":[{\"@type\":\"SearchAction\",\"target\":{\"@type\":\"EntryPoint\",\"urlTemplate\":\"https:\/\/campholsby.se\/?s={search_term_string}\"},\"query-input\":{\"@type\":\"PropertyValueSpecification\",\"valueRequired\":true,\"valueName\":\"search_term_string\"}}],\"inLanguage\":\"de\"},{\"@type\":\"Organization\",\"@id\":\"https:\/\/campholsby.se\/#organization\",\"name\":\"Camp Holsby\",\"url\":\"https:\/\/campholsby.se\/\",\"logo\":{\"@type\":\"ImageObject\",\"inLanguage\":\"de\",\"@id\":\"https:\/\/campholsby.se\/#\/schema\/logo\/image\/\",\"url\":\"https:\/\/campholsby.se\/wp-content\/uploads\/campholsby_horizontal_en.svg\",\"contentUrl\":\"https:\/\/campholsby.se\/wp-content\/uploads\/campholsby_horizontal_en.svg\",\"width\":100,\"height\":100,\"caption\":\"Camp Holsby\"},\"image\":{\"@id\":\"https:\/\/campholsby.se\/#\/schema\/logo\/image\/\"}}]}<\/script>\n<!-- \/ Yoast SEO plugin. -->","yoast_head_json":{"title":"Gruppen - Camp Holsby","robots":{"index":"index","follow":"follow","max-snippet":"max-snippet:-1","max-image-preview":"max-image-preview:large","max-video-preview":"max-video-preview:-1"},"canonical":"https:\/\/campholsby.se\/de\/gruppen\/","og_locale":"de_DE","og_type":"article","og_title":"Gruppen - Camp Holsby","og_description":"Konfirmation Jedes Jahr kommen unterschiedliche Kirchen mit ihren Jugendlichen f\u00fcr Konfirmantenfreizeiten zu uns. Durch die vielen verschiedenen Outdoor Aktivit\u00e4ten, Spiele, Lobpreiszeiten und Bibelarbeiten bieten unsere Mitarbeiter den Jugendlichen die M\u00f6glichkeit, die biblischen Grunds\u00e4tze wie Glaube, Vertrauen, Hoffnung und Verbindlichkeit in praktischer und herausfordernder Weise zu erleben. Die Gruppen bestehen in der Regel aus Jugendlichen im &hellip; Continued","og_url":"https:\/\/campholsby.se\/de\/gruppen\/","og_site_name":"Camp Holsby","article_modified_time":"2025-02-12T07:49:05+00:00","og_image":[{"width":1920,"height":1280,"url":"https:\/\/campholsby.se\/wp-content\/uploads\/groups.jpg","type":"image\/jpeg"}],"twitter_card":"summary_large_image","twitter_misc":{"Gesch\u00e4tzte Lesezeit":"3\u00a0Minuten"},"schema":{"@context":"https:\/\/schema.org","@graph":[{"@type":"WebPage","@id":"https:\/\/campholsby.se\/de\/gruppen\/","url":"https:\/\/campholsby.se\/de\/gruppen\/","name":"Gruppen - Camp Holsby","isPartOf":{"@id":"https:\/\/campholsby.se\/#website"},"primaryImageOfPage":{"@id":"https:\/\/campholsby.se\/de\/gruppen\/#primaryimage"},"image":{"@id":"https:\/\/campholsby.se\/de\/gruppen\/#primaryimage"},"thumbnailUrl":"https:\/\/campholsby.se\/wp-content\/uploads\/groups.jpg","datePublished":"2021-07-19T12:51:11+00:00","dateModified":"2025-02-12T07:49:05+00:00","breadcrumb":{"@id":"https:\/\/campholsby.se\/de\/gruppen\/#breadcrumb"},"inLanguage":"de","potentialAction":[{"@type":"ReadAction","target":["https:\/\/campholsby.se\/de\/gruppen\/"]}]},{"@type":"ImageObject","inLanguage":"de","@id":"https:\/\/campholsby.se\/de\/gruppen\/#primaryimage","url":"https:\/\/campholsby.se\/wp-content\/uploads\/groups.jpg","contentUrl":"https:\/\/campholsby.se\/wp-content\/uploads\/groups.jpg","width":1920,"height":1280},{"@type":"BreadcrumbList","@id":"https:\/\/campholsby.se\/de\/gruppen\/#breadcrumb","itemListElement":[{"@type":"ListItem","position":1,"name":"Home","item":"https:\/\/campholsby.se\/de\/"},{"@type":"ListItem","position":2,"name":"Gruppen"}]},{"@type":"WebSite","@id":"https:\/\/campholsby.se\/#website","url":"https:\/\/campholsby.se\/","name":"Camp Holsby","description":"Camps &amp; Retreats in Sm\u00e5land","publisher":{"@id":"https:\/\/campholsby.se\/#organization"},"potentialAction":[{"@type":"SearchAction","target":{"@type":"EntryPoint","urlTemplate":"https:\/\/campholsby.se\/?s={search_term_string}"},"query-input":{"@type":"PropertyValueSpecification","valueRequired":true,"valueName":"search_term_string"}}],"inLanguage":"de"},{"@type":"Organization","@id":"https:\/\/campholsby.se\/#organization","name":"Camp Holsby","url":"https:\/\/campholsby.se\/","logo":{"@type":"ImageObject","inLanguage":"de","@id":"https:\/\/campholsby.se\/#\/schema\/logo\/image\/","url":"https:\/\/campholsby.se\/wp-content\/uploads\/campholsby_horizontal_en.svg","contentUrl":"https:\/\/campholsby.se\/wp-content\/uploads\/campholsby_horizontal_en.svg","width":100,"height":100,"caption":"Camp Holsby"},"image":{"@id":"https:\/\/campholsby.se\/#\/schema\/logo\/image\/"}}]}},"_links":{"self":[{"href":"https:\/\/campholsby.se\/de\/wp-json\/wp\/v2\/pages\/754"}],"collection":[{"href":"https:\/\/campholsby.se\/de\/wp-json\/wp\/v2\/pages"}],"about":[{"href":"https:\/\/campholsby.se\/de\/wp-json\/wp\/v2\/types\/page"}],"author":[{"embeddable":true,"href":"https:\/\/campholsby.se\/de\/wp-json\/wp\/v2\/users\/1"}],"replies":[{"embeddable":true,"href":"https:\/\/campholsby.se\/de\/wp-json\/wp\/v2\/comments?post=754"}],"version-history":[{"count":20,"href":"https:\/\/campholsby.se\/de\/wp-json\/wp\/v2\/pages\/754\/revisions"}],"predecessor-version":[{"id":2919,"href":"https:\/\/campholsby.se\/de\/wp-json\/wp\/v2\/pages\/754\/revisions\/2919"}],"wp:featuredmedia":[{"embeddable":true,"href":"https:\/\/campholsby.se\/de\/wp-json\/wp\/v2\/media\/951"}],"wp:attachment":[{"href":"https:\/\/campholsby.se\/de\/wp-json\/wp\/v2\/media?parent=754"}],"curies":[{"name":"wp","href":"https:\/\/api.w.org\/{rel}","templated":true}]}}